{"id":1753,"date":"2020-05-01T16:19:21","date_gmt":"2020-05-01T20:19:21","guid":{"rendered":"https:\/\/jpa.mbc.mybluehost.me\/lw\/?page_id=1753"},"modified":"2023-11-19T18:31:17","modified_gmt":"2023-11-19T23:31:17","slug":"membership","status":"publish","type":"page","link":"https:\/\/lakeworth.sunlightchurch.com\/es\/imnew\/membership\/","title":{"rendered":"Registro de nuevo miembro"},"content":{"rendered":"<div data-elementor-type=\"wp-page\" data-elementor-id=\"1753\" class=\"elementor elementor-1753\" data-elementor-post-type=\"page\">\n\t\t\t\t\t\t<section class=\"elementor-section elementor-top-section elementor-element elementor-element-242f498 hero-el-sect elementor-section-boxed elementor-section-height-default elementor-section-height-default\" data-id=\"242f498\" data-element_type=\"section\">\n\t\t\t\t\t\t<div class=\"elementor-container elementor-column-gap-default\">\n\t\t\t\t\t<div class=\"elementor-column elementor-col-100 elementor-top-column elementor-element elementor-element-16ea1e9\" data-id=\"16ea1e9\" data-element_type=\"column\">\n\t\t\t<div class=\"elementor-widget-wrap elementor-element-populated\">\n\t\t\t\t\t\t<div class=\"elementor-element elementor-element-2c904a0 elementor-widget elementor-widget-spacer\" data-id=\"2c904a0\" data-element_type=\"widget\" data-widget_type=\"spacer.default\">\n\t\t\t\t<div class=\"elementor-widget-container\">\n\t\t\t\t\t\t\t<div class=\"elementor-spacer\">\n\t\t\t<div class=\"elementor-spacer-inner\"><\/div>\n\t\t<\/div>\n\t\t\t\t\t\t<\/div>\n\t\t\t\t<\/div>\n\t\t\t\t<div class=\"elementor-element elementor-element-03ecab3 elementor-widget elementor-widget-image\" data-id=\"03ecab3\" data-element_type=\"widget\" data-widget_type=\"image.default\">\n\t\t\t\t<div class=\"elementor-widget-container\">\n\t\t\t\t\t\t\t\t\t\t\t\t\t\t\t<img data-recalc-dims=\"1\" decoding=\"async\" src=\"https:\/\/i0.wp.com\/lakeworth.sunlightchurch.com\/wp-content\/uploads\/2023\/11\/IMG_9322-scaled.jpg?w=800&#038;ssl=1\" title=\"IMG_9322\" alt=\"IMG_9322\" loading=\"lazy\" \/>\t\t\t\t\t\t\t\t\t\t\t\t\t\t\t<\/div>\n\t\t\t\t<\/div>\n\t\t\t\t<div class=\"elementor-element elementor-element-6e7705c elementor-widget elementor-widget-heading\" data-id=\"6e7705c\" data-element_type=\"widget\" data-widget_type=\"heading.default\">\n\t\t\t\t<div class=\"elementor-widget-container\">\n\t\t\t\t\t<h2 class=\"elementor-heading-title elementor-size-default\">Convi\u00e9rtase en miembro de Sunlight Lake Worth<\/h2>\t\t\t\t<\/div>\n\t\t\t\t<\/div>\n\t\t\t\t<div class=\"elementor-element elementor-element-21a6f0e elementor-widget elementor-widget-spacer\" data-id=\"21a6f0e\" data-element_type=\"widget\" data-widget_type=\"spacer.default\">\n\t\t\t\t<div class=\"elementor-widget-container\">\n\t\t\t\t\t\t\t<div class=\"elementor-spacer\">\n\t\t\t<div class=\"elementor-spacer-inner\"><\/div>\n\t\t<\/div>\n\t\t\t\t\t\t<\/div>\n\t\t\t\t<\/div>\n\t\t\t\t<div class=\"elementor-element elementor-element-14b28aa elementor-widget elementor-widget-text-editor\" data-id=\"14b28aa\" data-element_type=\"widget\" data-widget_type=\"text-editor.default\">\n\t\t\t\t<div class=\"elementor-widget-container\">\n\t\t\t\t\t\t\t\t\t<p><span style=\"color: var( --e-global-color-text ); font-family: var( --e-global-typography-text-font-family ), Sans-serif; font-weight: var( --e-global-typography-text-font-weight );\">\u00bfEres nuevo en la iglesia y quieres aprender m\u00e1s sobre nosotros? \u00bfLlevas viniendo por un tiempo y quieres dar el siguiente paso? O tal vez est\u00e9s en alg\u00fan punto intermedio. Bueno, no importa en qu\u00e9 punto de su viaje con nosotros se encuentre, lo invitamos a dar el siguiente paso en la fe al convertirse en miembro.<\/span><\/p>\n<p><span style=\"color: var( --e-global-color-text ); font-family: var( --e-global-typography-text-font-family ), Sans-serif; font-weight: var( --e-global-typography-text-font-weight );\">Nuestra clase de membres\u00eda es el lugar al que acudir para escuchar lo que creemos que Dios est\u00e1 haciendo en el mundo, lo que est\u00e1 haciendo en Sunlight Community Church, y tambi\u00e9n nos brinda la oportunidad de conocerlo a usted y su historia.<\/span><\/p>\n<ul>\n<li>Queremos honrar su tiempo, por lo que le pedimos que antes de la clase, complete algunos trabajos y lecturas previos a la clase y prepare su historia de salvaci\u00f3n para compartir en la clase.<\/li>\n<li>La clase tendr\u00e1 una duraci\u00f3n de 3 sesiones de hora y media cada una.&nbsp;<\/li>\n<li>Las primeras 2 sesiones consistir\u00e1n en un tiempo para conocer la historia de la Luz del Sol y compartir tu propia historia de salvaci\u00f3n. Cubriremos la cultura Sunlight y lo que est\u00e1 sucediendo actualmente, c\u00f3mo involucrarnos en nuestros diversos ministerios y tendremos un tiempo para preguntas y respuestas. En la tercera sesi\u00f3n, conocer\u00e1s a otras personas en tu mesa y tendr\u00e1s la oportunidad de compartir brevemente tu historia.<\/li>\n<li>Despu\u00e9s de la clase, alguien se comunicar\u00e1 con usted para confirmar su membres\u00eda o brindarle los pr\u00f3ximos pasos necesarios para convertirse en miembro. Luego, en el pr\u00f3ximo Servicio de Celebraci\u00f3n, celebraremos a nuestros nuevos miembros.<\/li>\n<\/ul>\n<p style=\"box-sizing: border-box; color: #7a7a7a; font-family: Gilroy, sans-serif; font-size: medium; font-style: normal; font-variant-ligatures: normal; font-variant-caps: normal; font-weight: 400; letter-spacing: normal; orphans: 2; text-align: start; text-indent: 0px; text-transform: none; white-space: normal; widows: 2; word-spacing: 0px; -webkit-text-stroke-width: 0px; text-decoration-thickness: initial; text-decoration-style: initial; text-decoration-color: initial;\">\n<\/p><p style=\"box-sizing: border-box; color: #7a7a7a; font-family: Gilroy, sans-serif; font-size: medium; font-style: normal; font-variant-ligatures: normal; font-variant-caps: normal; font-weight: 400; letter-spacing: normal; orphans: 2; text-align: start; text-indent: 0px; text-transform: none; white-space: normal; widows: 2; word-spacing: 0px; -webkit-text-stroke-width: 0px; text-decoration-thickness: initial; text-decoration-style: initial; text-decoration-color: initial;\">Te invitamos a comprobarlo sin presi\u00f3n ni compromiso. A continuaci\u00f3n se muestran las fechas de nuestra serie de 3 partes de The Journey, nuestra pr\u00f3xima ronda de nuevos miembros.<\/p>\n<p><br><\/p>\t\t\t\t\t\t\t\t<\/div>\n\t\t\t\t<\/div>\n\t\t\t\t<div class=\"elementor-element elementor-element-8cf943e elementor-widget elementor-widget-spacer\" data-id=\"8cf943e\" data-element_type=\"widget\" data-widget_type=\"spacer.default\">\n\t\t\t\t<div class=\"elementor-widget-container\">\n\t\t\t\t\t\t\t<div class=\"elementor-spacer\">\n\t\t\t<div class=\"elementor-spacer-inner\"><\/div>\n\t\t<\/div>\n\t\t\t\t\t\t<\/div>\n\t\t\t\t<\/div>\n\t\t\t\t\t<\/div>\n\t\t<\/div>\n\t\t\t\t\t<\/div>\n\t\t<\/section>\n\t\t\t\t<section class=\"elementor-section elementor-top-section elementor-element elementor-element-3db8945 elementor-section-boxed elementor-section-height-default elementor-section-height-default\" data-id=\"3db8945\" data-element_type=\"section\">\n\t\t\t\t\t\t<div class=\"elementor-container elementor-column-gap-default\">\n\t\t\t\t\t<div class=\"elementor-column elementor-col-100 elementor-top-column elementor-element elementor-element-9704311\" data-id=\"9704311\" data-element_type=\"column\">\n\t\t\t<div class=\"elementor-widget-wrap elementor-element-populated\">\n\t\t\t\t\t\t<div class=\"elementor-element elementor-element-1010913 elementor-widget elementor-widget-heading\" data-id=\"1010913\" data-element_type=\"widget\" data-widget_type=\"heading.default\">\n\t\t\t\t<div class=\"elementor-widget-container\">\n\t\t\t\t\t<h2 class=\"elementor-heading-title elementor-size-default\">Reg\u00edstrate para iniciar el proceso de Nueva Membres\u00eda.<\/h2>\t\t\t\t<\/div>\n\t\t\t\t<\/div>\n\t\t\t\t<div class=\"elementor-element elementor-element-34d59a3 elementor-align-center elementor-widget elementor-widget-button\" data-id=\"34d59a3\" data-element_type=\"widget\" data-widget_type=\"button.default\">\n\t\t\t\t<div class=\"elementor-widget-container\">\n\t\t\t\t\t\t\t\t\t<div class=\"elementor-button-wrapper\">\n\t\t\t\t\t<a class=\"elementor-button elementor-button-link elementor-size-xl elementor-animation-float\" href=\"https:\/\/sunlightcc.churchcenter.com\/people\/forms\/199844\" target=\"_blank\" rel=\"noopener\">\n\t\t\t\t\t\t<span class=\"elementor-button-content-wrapper\">\n\t\t\t\t\t\t\t\t\t<span class=\"elementor-button-text\">Reg\u00edstrate hoy<\/span>\n\t\t\t\t\t<\/span>\n\t\t\t\t\t<\/a>\n\t\t\t\t<\/div>\n\t\t\t\t\t\t\t\t<\/div>\n\t\t\t\t<\/div>\n\t\t\t\t<div class=\"elementor-element elementor-element-e73e81d elementor-widget elementor-widget-spacer\" data-id=\"e73e81d\" data-element_type=\"widget\" data-widget_type=\"spacer.default\">\n\t\t\t\t<div class=\"elementor-widget-container\">\n\t\t\t\t\t\t\t<div class=\"elementor-spacer\">\n\t\t\t<div class=\"elementor-spacer-inner\"><\/div>\n\t\t<\/div>\n\t\t\t\t\t\t<\/div>\n\t\t\t\t<\/div>\n\t\t\t\t\t<\/div>\n\t\t<\/div>\n\t\t\t\t\t<\/div>\n\t\t<\/section>\n\t\t\t\t<\/div>","protected":false},"excerpt":{"rendered":"<p>Convi\u00e9rtase en miembro de Sunlight Lake Worth \u00bfEs usted nuevo en la iglesia y desea aprender m\u00e1s sobre nosotros? \u00bfLlevas un tiempo viniendo y quieres [\u2026]<\/p>","protected":false},"author":1,"featured_media":0,"parent":2287,"menu_order":0,"comment_status":"closed","ping_status":"closed","template":"","meta":{"_monsterinsights_skip_tracking":false,"_monsterinsights_sitenote_active":false,"_monsterinsights_sitenote_note":"","_monsterinsights_sitenote_category":0,"footnotes":""},"class_list":["post-1753","page","type-page","status-publish","hentry"],"jetpack_sharing_enabled":true,"_links":{"self":[{"href":"https:\/\/lakeworth.sunlightchurch.com\/es\/wp-json\/wp\/v2\/pages\/1753","targetHints":{"allow":["GET"]}}],"collection":[{"href":"https:\/\/lakeworth.sunlightchurch.com\/es\/wp-json\/wp\/v2\/pages"}],"about":[{"href":"https:\/\/lakeworth.sunlightchurch.com\/es\/wp-json\/wp\/v2\/types\/page"}],"author":[{"embeddable":true,"href":"https:\/\/lakeworth.sunlightchurch.com\/es\/wp-json\/wp\/v2\/users\/1"}],"replies":[{"embeddable":true,"href":"https:\/\/lakeworth.sunlightchurch.com\/es\/wp-json\/wp\/v2\/comments?post=1753"}],"version-history":[{"count":17,"href":"https:\/\/lakeworth.sunlightchurch.com\/es\/wp-json\/wp\/v2\/pages\/1753\/revisions"}],"predecessor-version":[{"id":10075,"href":"https:\/\/lakeworth.sunlightchurch.com\/es\/wp-json\/wp\/v2\/pages\/1753\/revisions\/10075"}],"up":[{"embeddable":true,"href":"https:\/\/lakeworth.sunlightchurch.com\/es\/wp-json\/wp\/v2\/pages\/2287"}],"wp:attachment":[{"href":"https:\/\/lakeworth.sunlightchurch.com\/es\/wp-json\/wp\/v2\/media?parent=1753"}],"curies":[{"name":"wp","href":"https:\/\/api.w.org\/{rel}","templated":true}]}}