{"id":4730,"date":"2022-06-22T11:05:21","date_gmt":"2022-06-22T15:05:21","guid":{"rendered":"https:\/\/jpa.mbc.mybluehost.me\/lw\/?page_id=4730"},"modified":"2022-11-19T19:06:10","modified_gmt":"2022-11-20T00:06:10","slug":"events","status":"publish","type":"page","link":"https:\/\/lakeworth.sunlightchurch.com\/es\/events\/","title":{"rendered":"Eventos especiales"},"content":{"rendered":"<div data-elementor-type=\"wp-page\" data-elementor-id=\"4730\" class=\"elementor elementor-4730\" data-elementor-post-type=\"page\">\n\t\t\t\t\t\t<section class=\"elementor-section elementor-top-section elementor-element elementor-element-242f498 hero-el-sect elementor-section-boxed elementor-section-height-default elementor-section-height-default\" data-id=\"242f498\" data-element_type=\"section\">\n\t\t\t\t\t\t<div class=\"elementor-container elementor-column-gap-default\">\n\t\t\t\t\t<div class=\"elementor-column elementor-col-100 elementor-top-column elementor-element elementor-element-16ea1e9\" data-id=\"16ea1e9\" data-element_type=\"column\">\n\t\t\t<div class=\"elementor-widget-wrap elementor-element-populated\">\n\t\t\t\t\t\t<div class=\"elementor-element elementor-element-2c904a0 elementor-widget elementor-widget-spacer\" data-id=\"2c904a0\" data-element_type=\"widget\" data-widget_type=\"spacer.default\">\n\t\t\t\t<div class=\"elementor-widget-container\">\n\t\t\t\t\t\t\t<div class=\"elementor-spacer\">\n\t\t\t<div class=\"elementor-spacer-inner\"><\/div>\n\t\t<\/div>\n\t\t\t\t\t\t<\/div>\n\t\t\t\t<\/div>\n\t\t\t\t<div class=\"elementor-element elementor-element-f04dbb2 elementor-widget elementor-widget-heading\" data-id=\"f04dbb2\" data-element_type=\"widget\" data-widget_type=\"heading.default\">\n\t\t\t\t<div class=\"elementor-widget-container\">\n\t\t\t\t\t<h1 class=\"elementor-heading-title elementor-size-default\">P\u00e1gina de eventos de la Iglesia de la luz del sol<\/h1>\t\t\t\t<\/div>\n\t\t\t\t<\/div>\n\t\t\t\t<div class=\"elementor-element elementor-element-2c24409 elementor-widget elementor-widget-text-editor\" data-id=\"2c24409\" data-element_type=\"widget\" data-widget_type=\"text-editor.default\">\n\t\t\t\t<div class=\"elementor-widget-container\">\n\t\t\t\t\t\t\t\t\t<p style=\"text-align: center;\"><span style=\"color: var( --e-global-color-text ); font-family: var( --e-global-typography-text-font-family ), Sans-serif; font-weight: var( --e-global-typography-text-font-weight );\">Bienvenido al servicio Celebraci\u00f3n de la Vida para\u00a0<\/span><span style=\"color: var( --e-global-color-text ); font-family: var( --e-global-typography-text-font-family ), Sans-serif; font-weight: var( --e-global-typography-text-font-weight );\">Ben Agler.<\/span><\/p><p style=\"text-align: center;\"><span style=\"color: var( --e-global-color-text ); font-family: var( --e-global-typography-text-font-family ), Sans-serif; font-weight: var( --e-global-typography-text-font-weight );\">El servicio comenzar\u00e1 el lunes 21 de noviembre a las 5:00 pm lunes 21 de noviembre.<\/span><\/p>\t\t\t\t\t\t\t\t<\/div>\n\t\t\t\t<\/div>\n\t\t\t\t<div class=\"elementor-element elementor-element-4eba7ea elementor-widget elementor-widget-html\" data-id=\"4eba7ea\" data-element_type=\"widget\" data-widget_type=\"html.default\">\n\t\t\t\t<div class=\"elementor-widget-container\">\n\t\t\t\t\t<div id=\"resi-video-player\" data-embed-id=\"efc3c57a-0543-4f62-b405-d1f855c5e128\" ><\/div>\n<script type=\"application\/javascript\" src=\"https:\/\/control.resi.io\/webplayer\/loader.min.js\"><\/script>\t\t\t\t<\/div>\n\t\t\t\t<\/div>\n\t\t\t\t<div class=\"elementor-element elementor-element-2c5d4d9 elementor-widget elementor-widget-spacer\" data-id=\"2c5d4d9\" data-element_type=\"widget\" data-widget_type=\"spacer.default\">\n\t\t\t\t<div class=\"elementor-widget-container\">\n\t\t\t\t\t\t\t<div class=\"elementor-spacer\">\n\t\t\t<div class=\"elementor-spacer-inner\"><\/div>\n\t\t<\/div>\n\t\t\t\t\t\t<\/div>\n\t\t\t\t<\/div>\n\t\t\t\t<div class=\"elementor-element elementor-element-0362535 elementor-widget elementor-widget-spacer\" data-id=\"0362535\" data-element_type=\"widget\" data-widget_type=\"spacer.default\">\n\t\t\t\t<div class=\"elementor-widget-container\">\n\t\t\t\t\t\t\t<div class=\"elementor-spacer\">\n\t\t\t<div class=\"elementor-spacer-inner\"><\/div>\n\t\t<\/div>\n\t\t\t\t\t\t<\/div>\n\t\t\t\t<\/div>\n\t\t\t\t\t<\/div>\n\t\t<\/div>\n\t\t\t\t\t<\/div>\n\t\t<\/section>\n\t\t\t\t<\/div>","protected":false},"excerpt":{"rendered":"<p>P\u00e1gina de eventos de Sunlight Church Bienvenido al servicio de Celebraci\u00f3n de la Vida para Ben Agler. El servicio comenzar\u00e1 el lunes 21 de noviembre a las 5:00 pm lunes 21 de noviembre.<\/p>","protected":false},"author":2,"featured_media":0,"parent":0,"menu_order":0,"comment_status":"closed","ping_status":"closed","template":"","meta":{"_monsterinsights_skip_tracking":false,"_monsterinsights_sitenote_active":false,"_monsterinsights_sitenote_note":"","_monsterinsights_sitenote_category":0,"footnotes":""},"class_list":["post-4730","page","type-page","status-publish","hentry"],"jetpack_sharing_enabled":true,"_links":{"self":[{"href":"https:\/\/lakeworth.sunlightchurch.com\/es\/wp-json\/wp\/v2\/pages\/4730","targetHints":{"allow":["GET"]}}],"collection":[{"href":"https:\/\/lakeworth.sunlightchurch.com\/es\/wp-json\/wp\/v2\/pages"}],"about":[{"href":"https:\/\/lakeworth.sunlightchurch.com\/es\/wp-json\/wp\/v2\/types\/page"}],"author":[{"embeddable":true,"href":"https:\/\/lakeworth.sunlightchurch.com\/es\/wp-json\/wp\/v2\/users\/2"}],"replies":[{"embeddable":true,"href":"https:\/\/lakeworth.sunlightchurch.com\/es\/wp-json\/wp\/v2\/comments?post=4730"}],"version-history":[{"count":6,"href":"https:\/\/lakeworth.sunlightchurch.com\/es\/wp-json\/wp\/v2\/pages\/4730\/revisions"}],"predecessor-version":[{"id":5485,"href":"https:\/\/lakeworth.sunlightchurch.com\/es\/wp-json\/wp\/v2\/pages\/4730\/revisions\/5485"}],"wp:attachment":[{"href":"https:\/\/lakeworth.sunlightchurch.com\/es\/wp-json\/wp\/v2\/media?parent=4730"}],"curies":[{"name":"wp","href":"https:\/\/api.w.org\/{rel}","templated":true}]}}