{"id":153,"date":"2020-03-21T05:40:53","date_gmt":"2020-03-21T09:40:53","guid":{"rendered":"https:\/\/jpa.mbc.mybluehost.me\/lw\/?page_id=153"},"modified":"2026-01-20T20:05:44","modified_gmt":"2026-01-21T01:05:44","slug":"staff","status":"publish","type":"page","link":"https:\/\/lakeworth.sunlightchurch.com\/pt\/about\/staff\/","title":{"rendered":"Funcion\u00e1rios"},"content":{"rendered":"<div data-elementor-type=\"wp-page\" data-elementor-id=\"153\" class=\"elementor elementor-153\" data-elementor-post-type=\"page\">\n\t\t\t\t\t\t<section class=\"elementor-section elementor-top-section elementor-element elementor-element-f93d903 elementor-section-boxed elementor-section-height-default elementor-section-height-default\" data-id=\"f93d903\" data-element_type=\"section\">\n\t\t\t\t\t\t<div class=\"elementor-container elementor-column-gap-default\">\n\t\t\t\t\t<div class=\"elementor-column elementor-col-100 elementor-top-column elementor-element elementor-element-a19d3ca\" data-id=\"a19d3ca\" data-element_type=\"column\">\n\t\t\t<div class=\"elementor-widget-wrap elementor-element-populated\">\n\t\t\t\t\t\t<div class=\"elementor-element elementor-element-6d3dff6 elementor-widget elementor-widget-spacer\" data-id=\"6d3dff6\" data-element_type=\"widget\" data-widget_type=\"spacer.default\">\n\t\t\t\t<div class=\"elementor-widget-container\">\n\t\t\t\t\t\t\t<div class=\"elementor-spacer\">\n\t\t\t<div class=\"elementor-spacer-inner\"><\/div>\n\t\t<\/div>\n\t\t\t\t\t\t<\/div>\n\t\t\t\t<\/div>\n\t\t\t\t<div class=\"elementor-element elementor-element-5cfb1b5 elementor-widget elementor-widget-heading\" data-id=\"5cfb1b5\" data-element_type=\"widget\" data-widget_type=\"heading.default\">\n\t\t\t\t<div class=\"elementor-widget-container\">\n\t\t\t\t\t<h1 class=\"elementor-heading-title elementor-size-xl\">Conhe\u00e7a nossa equipe<\/h1>\t\t\t\t<\/div>\n\t\t\t\t<\/div>\n\t\t\t\t<div class=\"elementor-element elementor-element-910be3e elementor-widget elementor-widget-text-editor\" data-id=\"910be3e\" data-element_type=\"widget\" data-widget_type=\"text-editor.default\">\n\t\t\t\t<div class=\"elementor-widget-container\">\n\t\t\t\t\t\t\t\t\t<p><strong>Na Sunlight, temos orgulho de ter uma equipe incr\u00edvel de indiv\u00edduos talentosos que trazem sua paix\u00e3o e experi\u00eancia para tudo o que fazem.<\/strong><\/p>\t\t\t\t\t\t\t\t<\/div>\n\t\t\t\t<\/div>\n\t\t\t\t<div class=\"elementor-element elementor-element-4306cfd elementor-widget elementor-widget-spacer\" data-id=\"4306cfd\" data-element_type=\"widget\" data-widget_type=\"spacer.default\">\n\t\t\t\t<div class=\"elementor-widget-container\">\n\t\t\t\t\t\t\t<div class=\"elementor-spacer\">\n\t\t\t<div class=\"elementor-spacer-inner\"><\/div>\n\t\t<\/div>\n\t\t\t\t\t\t<\/div>\n\t\t\t\t<\/div>\n\t\t\t\t\t<\/div>\n\t\t<\/div>\n\t\t\t\t\t<\/div>\n\t\t<\/section>\n\t\t\t\t<section class=\"elementor-section elementor-top-section elementor-element elementor-element-3e0bb6a elementor-section-boxed elementor-section-height-default elementor-section-height-default elementor-invisible\" data-id=\"3e0bb6a\" data-element_type=\"section\" data-settings=\"{&quot;animation&quot;:&quot;fadeInLeft&quot;}\">\n\t\t\t\t\t\t<div class=\"elementor-container elementor-column-gap-default\">\n\t\t\t\t\t<div class=\"elementor-column elementor-col-25 elementor-top-column elementor-element elementor-element-81a9e29\" data-id=\"81a9e29\" data-element_type=\"column\">\n\t\t\t<div class=\"elementor-widget-wrap elementor-element-populated\">\n\t\t\t\t\t\t<div class=\"elementor-element elementor-element-6017bfc elementor-widget elementor-widget-image\" data-id=\"6017bfc\" data-element_type=\"widget\" data-widget_type=\"image.default\">\n\t\t\t\t<div class=\"elementor-widget-container\">\n\t\t\t\t\t\t\t\t\t\t\t\t\t\t\t<img fetchpriority=\"high\" decoding=\"async\" width=\"768\" height=\"512\" src=\"https:\/\/i0.wp.com\/lakeworth.sunlightchurch.com\/wp-content\/uploads\/2020\/09\/Kris-1-scaled.jpg?fit=768%2C512&amp;ssl=1\" class=\"attachment-medium_large size-medium_large wp-image-3007\" alt=\"\" srcset=\"https:\/\/i0.wp.com\/lakeworth.sunlightchurch.com\/wp-content\/uploads\/2020\/09\/Kris-1-scaled.jpg?w=2560&amp;ssl=1 2560w, https:\/\/i0.wp.com\/lakeworth.sunlightchurch.com\/wp-content\/uploads\/2020\/09\/Kris-1-scaled.jpg?resize=300%2C200&amp;ssl=1 300w, https:\/\/i0.wp.com\/lakeworth.sunlightchurch.com\/wp-content\/uploads\/2020\/09\/Kris-1-scaled.jpg?resize=1024%2C683&amp;ssl=1 1024w, https:\/\/i0.wp.com\/lakeworth.sunlightchurch.com\/wp-content\/uploads\/2020\/09\/Kris-1-scaled.jpg?resize=768%2C512&amp;ssl=1 768w, https:\/\/i0.wp.com\/lakeworth.sunlightchurch.com\/wp-content\/uploads\/2020\/09\/Kris-1-scaled.jpg?resize=1536%2C1024&amp;ssl=1 1536w, https:\/\/i0.wp.com\/lakeworth.sunlightchurch.com\/wp-content\/uploads\/2020\/09\/Kris-1-scaled.jpg?w=1600 1600w, https:\/\/i0.wp.com\/lakeworth.sunlightchurch.com\/wp-content\/uploads\/2020\/09\/Kris-1-scaled.jpg?w=2400 2400w\" sizes=\"(max-width: 768px) 100vw, 768px\" \/>\t\t\t\t\t\t\t\t\t\t\t\t\t\t\t<\/div>\n\t\t\t\t<\/div>\n\t\t\t\t\t<\/div>\n\t\t<\/div>\n\t\t\t\t<div class=\"elementor-column elementor-col-25 elementor-top-column elementor-element elementor-element-0351a6e\" data-id=\"0351a6e\" data-element_type=\"column\">\n\t\t\t<div class=\"elementor-widget-wrap elementor-element-populated\">\n\t\t\t\t\t\t<div class=\"elementor-element elementor-element-12ac3e0 elementor-widget elementor-widget-heading\" data-id=\"12ac3e0\" data-element_type=\"widget\" data-widget_type=\"heading.default\">\n\t\t\t\t<div class=\"elementor-widget-container\">\n\t\t\t\t\t<h2 class=\"elementor-heading-title elementor-size-default\">Pastor Kris Vos<\/h2>\t\t\t\t<\/div>\n\t\t\t\t<\/div>\n\t\t\t\t<div class=\"elementor-element elementor-element-a8e0506 elementor-widget elementor-widget-text-editor\" data-id=\"a8e0506\" data-element_type=\"widget\" data-widget_type=\"text-editor.default\">\n\t\t\t\t<div class=\"elementor-widget-container\">\n\t\t\t\t\t\t\t\t\t<h3>Teaching Pastor<\/h3>\t\t\t\t\t\t\t\t<\/div>\n\t\t\t\t<\/div>\n\t\t\t\t\t<\/div>\n\t\t<\/div>\n\t\t\t\t<div class=\"elementor-column elementor-col-25 elementor-top-column elementor-element elementor-element-e6e839d\" data-id=\"e6e839d\" data-element_type=\"column\">\n\t\t\t<div class=\"elementor-widget-wrap elementor-element-populated\">\n\t\t\t\t\t\t<div class=\"elementor-element elementor-element-cc3ac89 elementor-widget elementor-widget-image\" data-id=\"cc3ac89\" data-element_type=\"widget\" data-widget_type=\"image.default\">\n\t\t\t\t<div class=\"elementor-widget-container\">\n\t\t\t\t\t\t\t\t\t\t\t\t\t\t\t<img decoding=\"async\" width=\"768\" height=\"512\" src=\"https:\/\/i0.wp.com\/lakeworth.sunlightchurch.com\/wp-content\/uploads\/2023\/11\/Eli-1-scaled.jpg?fit=768%2C512&amp;ssl=1\" class=\"attachment-medium_large size-medium_large wp-image-8627\" alt=\"\" srcset=\"https:\/\/i0.wp.com\/lakeworth.sunlightchurch.com\/wp-content\/uploads\/2023\/11\/Eli-1-scaled.jpg?w=2560&amp;ssl=1 2560w, https:\/\/i0.wp.com\/lakeworth.sunlightchurch.com\/wp-content\/uploads\/2023\/11\/Eli-1-scaled.jpg?resize=300%2C200&amp;ssl=1 300w, https:\/\/i0.wp.com\/lakeworth.sunlightchurch.com\/wp-content\/uploads\/2023\/11\/Eli-1-scaled.jpg?resize=1024%2C683&amp;ssl=1 1024w, https:\/\/i0.wp.com\/lakeworth.sunlightchurch.com\/wp-content\/uploads\/2023\/11\/Eli-1-scaled.jpg?resize=768%2C512&amp;ssl=1 768w, https:\/\/i0.wp.com\/lakeworth.sunlightchurch.com\/wp-content\/uploads\/2023\/11\/Eli-1-scaled.jpg?resize=48%2C32&amp;ssl=1 48w, https:\/\/i0.wp.com\/lakeworth.sunlightchurch.com\/wp-content\/uploads\/2023\/11\/Eli-1-scaled.jpg?resize=1000%2C667&amp;ssl=1 1000w, https:\/\/i0.wp.com\/lakeworth.sunlightchurch.com\/wp-content\/uploads\/2023\/11\/Eli-1-scaled.jpg?resize=600%2C400&amp;ssl=1 600w, https:\/\/i0.wp.com\/lakeworth.sunlightchurch.com\/wp-content\/uploads\/2023\/11\/Eli-1-scaled.jpg?resize=200%2C133&amp;ssl=1 200w, https:\/\/i0.wp.com\/lakeworth.sunlightchurch.com\/wp-content\/uploads\/2023\/11\/Eli-1-scaled.jpg?resize=1536%2C1024&amp;ssl=1 1536w, https:\/\/i0.wp.com\/lakeworth.sunlightchurch.com\/wp-content\/uploads\/2023\/11\/Eli-1-scaled.jpg?w=1600 1600w, https:\/\/i0.wp.com\/lakeworth.sunlightchurch.com\/wp-content\/uploads\/2023\/11\/Eli-1-scaled.jpg?w=2400 2400w\" sizes=\"(max-width: 768px) 100vw, 768px\" \/>\t\t\t\t\t\t\t\t\t\t\t\t\t\t\t<\/div>\n\t\t\t\t<\/div>\n\t\t\t\t\t<\/div>\n\t\t<\/div>\n\t\t\t\t<div class=\"elementor-column elementor-col-25 elementor-top-column elementor-element elementor-element-ed9f4d3\" data-id=\"ed9f4d3\" data-element_type=\"column\">\n\t\t\t<div class=\"elementor-widget-wrap elementor-element-populated\">\n\t\t\t\t\t\t<div class=\"elementor-element elementor-element-d6dcc4f elementor-widget elementor-widget-heading\" data-id=\"d6dcc4f\" data-element_type=\"widget\" data-widget_type=\"heading.default\">\n\t\t\t\t<div class=\"elementor-widget-container\">\n\t\t\t\t\t<h2 class=\"elementor-heading-title elementor-size-default\">Pastor Eli Mu\u00f1oz<\/h2>\t\t\t\t<\/div>\n\t\t\t\t<\/div>\n\t\t\t\t<div class=\"elementor-element elementor-element-b07bf91 elementor-widget elementor-widget-text-editor\" data-id=\"b07bf91\" data-element_type=\"widget\" data-widget_type=\"text-editor.default\">\n\t\t\t\t<div class=\"elementor-widget-container\">\n\t\t\t\t\t\t\t\t\t<h3 style=\"font-family: Gilroy, sans-serif; color: #000000;\">Campus Pastor<\/h3>\t\t\t\t\t\t\t\t<\/div>\n\t\t\t\t<\/div>\n\t\t\t\t\t<\/div>\n\t\t<\/div>\n\t\t\t\t\t<\/div>\n\t\t<\/section>\n\t\t\t\t<section class=\"elementor-section elementor-top-section elementor-element elementor-element-0826c1f elementor-section-boxed elementor-section-height-default elementor-section-height-default elementor-invisible\" data-id=\"0826c1f\" data-element_type=\"section\" data-settings=\"{&quot;animation&quot;:&quot;fadeInLeft&quot;}\">\n\t\t\t\t\t\t<div class=\"elementor-container elementor-column-gap-default\">\n\t\t\t\t\t<div class=\"elementor-column elementor-col-25 elementor-top-column elementor-element elementor-element-0d13ab5\" data-id=\"0d13ab5\" data-element_type=\"column\">\n\t\t\t<div class=\"elementor-widget-wrap elementor-element-populated\">\n\t\t\t\t\t\t<div class=\"elementor-element elementor-element-b250d10 elementor-widget elementor-widget-image\" data-id=\"b250d10\" data-element_type=\"widget\" data-widget_type=\"image.default\">\n\t\t\t\t<div class=\"elementor-widget-container\">\n\t\t\t\t\t\t\t\t\t\t\t\t\t\t\t<img decoding=\"async\" width=\"800\" height=\"534\" src=\"https:\/\/i0.wp.com\/lakeworth.sunlightchurch.com\/wp-content\/uploads\/2023\/11\/Kim-1-scaled.jpg?fit=800%2C534&amp;ssl=1\" class=\"attachment-large size-large wp-image-8626\" alt=\"\" srcset=\"https:\/\/i0.wp.com\/lakeworth.sunlightchurch.com\/wp-content\/uploads\/2023\/11\/Kim-1-scaled.jpg?w=2560&amp;ssl=1 2560w, https:\/\/i0.wp.com\/lakeworth.sunlightchurch.com\/wp-content\/uploads\/2023\/11\/Kim-1-scaled.jpg?resize=300%2C200&amp;ssl=1 300w, https:\/\/i0.wp.com\/lakeworth.sunlightchurch.com\/wp-content\/uploads\/2023\/11\/Kim-1-scaled.jpg?resize=1024%2C683&amp;ssl=1 1024w, https:\/\/i0.wp.com\/lakeworth.sunlightchurch.com\/wp-content\/uploads\/2023\/11\/Kim-1-scaled.jpg?resize=768%2C512&amp;ssl=1 768w, https:\/\/i0.wp.com\/lakeworth.sunlightchurch.com\/wp-content\/uploads\/2023\/11\/Kim-1-scaled.jpg?resize=48%2C32&amp;ssl=1 48w, https:\/\/i0.wp.com\/lakeworth.sunlightchurch.com\/wp-content\/uploads\/2023\/11\/Kim-1-scaled.jpg?resize=1000%2C667&amp;ssl=1 1000w, https:\/\/i0.wp.com\/lakeworth.sunlightchurch.com\/wp-content\/uploads\/2023\/11\/Kim-1-scaled.jpg?resize=600%2C400&amp;ssl=1 600w, https:\/\/i0.wp.com\/lakeworth.sunlightchurch.com\/wp-content\/uploads\/2023\/11\/Kim-1-scaled.jpg?resize=200%2C133&amp;ssl=1 200w, https:\/\/i0.wp.com\/lakeworth.sunlightchurch.com\/wp-content\/uploads\/2023\/11\/Kim-1-scaled.jpg?resize=1536%2C1024&amp;ssl=1 1536w, https:\/\/i0.wp.com\/lakeworth.sunlightchurch.com\/wp-content\/uploads\/2023\/11\/Kim-1-scaled.jpg?w=1600 1600w, https:\/\/i0.wp.com\/lakeworth.sunlightchurch.com\/wp-content\/uploads\/2023\/11\/Kim-1-scaled.jpg?w=2400 2400w\" sizes=\"(max-width: 800px) 100vw, 800px\" \/>\t\t\t\t\t\t\t\t\t\t\t\t\t\t\t<\/div>\n\t\t\t\t<\/div>\n\t\t\t\t\t<\/div>\n\t\t<\/div>\n\t\t\t\t<div class=\"elementor-column elementor-col-25 elementor-top-column elementor-element elementor-element-afa4423\" data-id=\"afa4423\" data-element_type=\"column\">\n\t\t\t<div class=\"elementor-widget-wrap elementor-element-populated\">\n\t\t\t\t\t\t<div class=\"elementor-element elementor-element-abdd2b6 elementor-widget elementor-widget-heading\" data-id=\"abdd2b6\" data-element_type=\"widget\" data-widget_type=\"heading.default\">\n\t\t\t\t<div class=\"elementor-widget-container\">\n\t\t\t\t\t<h2 class=\"elementor-heading-title elementor-size-default\">Kim Vanderlaan<\/h2>\t\t\t\t<\/div>\n\t\t\t\t<\/div>\n\t\t\t\t<div class=\"elementor-element elementor-element-9176b52 elementor-widget elementor-widget-text-editor\" data-id=\"9176b52\" data-element_type=\"widget\" data-widget_type=\"text-editor.default\">\n\t\t\t\t<div class=\"elementor-widget-container\">\n\t\t\t\t\t\t\t\t\t<h3>Finan\u00e7a<\/h3>\t\t\t\t\t\t\t\t<\/div>\n\t\t\t\t<\/div>\n\t\t\t\t\t<\/div>\n\t\t<\/div>\n\t\t\t\t<div class=\"elementor-column elementor-col-25 elementor-top-column elementor-element elementor-element-f6b735b\" data-id=\"f6b735b\" data-element_type=\"column\">\n\t\t\t<div class=\"elementor-widget-wrap elementor-element-populated\">\n\t\t\t\t\t\t<div class=\"elementor-element elementor-element-81a1850 elementor-widget elementor-widget-image\" data-id=\"81a1850\" data-element_type=\"widget\" data-widget_type=\"image.default\">\n\t\t\t\t<div class=\"elementor-widget-container\">\n\t\t\t\t\t\t\t\t\t\t\t\t\t\t\t<img loading=\"lazy\" decoding=\"async\" width=\"768\" height=\"512\" src=\"https:\/\/i0.wp.com\/lakeworth.sunlightchurch.com\/wp-content\/uploads\/2023\/11\/Anna-1-scaled.jpg?fit=768%2C512&amp;ssl=1\" class=\"attachment-medium_large size-medium_large wp-image-8628\" alt=\"\" srcset=\"https:\/\/i0.wp.com\/lakeworth.sunlightchurch.com\/wp-content\/uploads\/2023\/11\/Anna-1-scaled.jpg?w=2560&amp;ssl=1 2560w, https:\/\/i0.wp.com\/lakeworth.sunlightchurch.com\/wp-content\/uploads\/2023\/11\/Anna-1-scaled.jpg?resize=300%2C200&amp;ssl=1 300w, https:\/\/i0.wp.com\/lakeworth.sunlightchurch.com\/wp-content\/uploads\/2023\/11\/Anna-1-scaled.jpg?resize=1024%2C683&amp;ssl=1 1024w, https:\/\/i0.wp.com\/lakeworth.sunlightchurch.com\/wp-content\/uploads\/2023\/11\/Anna-1-scaled.jpg?resize=768%2C512&amp;ssl=1 768w, https:\/\/i0.wp.com\/lakeworth.sunlightchurch.com\/wp-content\/uploads\/2023\/11\/Anna-1-scaled.jpg?resize=48%2C32&amp;ssl=1 48w, https:\/\/i0.wp.com\/lakeworth.sunlightchurch.com\/wp-content\/uploads\/2023\/11\/Anna-1-scaled.jpg?resize=1000%2C667&amp;ssl=1 1000w, https:\/\/i0.wp.com\/lakeworth.sunlightchurch.com\/wp-content\/uploads\/2023\/11\/Anna-1-scaled.jpg?resize=600%2C400&amp;ssl=1 600w, https:\/\/i0.wp.com\/lakeworth.sunlightchurch.com\/wp-content\/uploads\/2023\/11\/Anna-1-scaled.jpg?resize=200%2C133&amp;ssl=1 200w, https:\/\/i0.wp.com\/lakeworth.sunlightchurch.com\/wp-content\/uploads\/2023\/11\/Anna-1-scaled.jpg?resize=1536%2C1024&amp;ssl=1 1536w, https:\/\/i0.wp.com\/lakeworth.sunlightchurch.com\/wp-content\/uploads\/2023\/11\/Anna-1-scaled.jpg?w=1600 1600w, https:\/\/i0.wp.com\/lakeworth.sunlightchurch.com\/wp-content\/uploads\/2023\/11\/Anna-1-scaled.jpg?w=2400 2400w\" sizes=\"(max-width: 768px) 100vw, 768px\" \/>\t\t\t\t\t\t\t\t\t\t\t\t\t\t\t<\/div>\n\t\t\t\t<\/div>\n\t\t\t\t\t<\/div>\n\t\t<\/div>\n\t\t\t\t<div class=\"elementor-column elementor-col-25 elementor-top-column elementor-element elementor-element-7347a63\" data-id=\"7347a63\" data-element_type=\"column\">\n\t\t\t<div class=\"elementor-widget-wrap elementor-element-populated\">\n\t\t\t\t\t\t<div class=\"elementor-element elementor-element-2d29947 elementor-widget elementor-widget-heading\" data-id=\"2d29947\" data-element_type=\"widget\" data-widget_type=\"heading.default\">\n\t\t\t\t<div class=\"elementor-widget-container\">\n\t\t\t\t\t<h2 class=\"elementor-heading-title elementor-size-default\">Anna Scholl<\/h2>\t\t\t\t<\/div>\n\t\t\t\t<\/div>\n\t\t\t\t<div class=\"elementor-element elementor-element-86ed57b elementor-widget elementor-widget-text-editor\" data-id=\"86ed57b\" data-element_type=\"widget\" data-widget_type=\"text-editor.default\">\n\t\t\t\t<div class=\"elementor-widget-container\">\n\t\t\t\t\t\t\t\t\t<h3 style=\"font-family: Gilroy, sans-serif; color: #000000;\">Administrador<\/h3>\t\t\t\t\t\t\t\t<\/div>\n\t\t\t\t<\/div>\n\t\t\t\t\t<\/div>\n\t\t<\/div>\n\t\t\t\t\t<\/div>\n\t\t<\/section>\n\t\t\t\t<\/div>","protected":false},"excerpt":{"rendered":"<p>Meet Our Staff At Sunlight, we&#8217;re proud to have an incredible team of talented individuals who bring their passion and expertise to everything they do. Pastor Kris Vos Teaching Pastor [&hellip;]<\/p>","protected":false},"author":1,"featured_media":0,"parent":3890,"menu_order":0,"comment_status":"closed","ping_status":"closed","template":"","meta":{"_monsterinsights_skip_tracking":false,"_monsterinsights_sitenote_active":false,"_monsterinsights_sitenote_note":"","_monsterinsights_sitenote_category":0,"footnotes":""},"class_list":["post-153","page","type-page","status-publish","hentry"],"jetpack_sharing_enabled":true,"_links":{"self":[{"href":"https:\/\/lakeworth.sunlightchurch.com\/pt\/wp-json\/wp\/v2\/pages\/153","targetHints":{"allow":["GET"]}}],"collection":[{"href":"https:\/\/lakeworth.sunlightchurch.com\/pt\/wp-json\/wp\/v2\/pages"}],"about":[{"href":"https:\/\/lakeworth.sunlightchurch.com\/pt\/wp-json\/wp\/v2\/types\/page"}],"author":[{"embeddable":true,"href":"https:\/\/lakeworth.sunlightchurch.com\/pt\/wp-json\/wp\/v2\/users\/1"}],"replies":[{"embeddable":true,"href":"https:\/\/lakeworth.sunlightchurch.com\/pt\/wp-json\/wp\/v2\/comments?post=153"}],"version-history":[{"count":21,"href":"https:\/\/lakeworth.sunlightchurch.com\/pt\/wp-json\/wp\/v2\/pages\/153\/revisions"}],"predecessor-version":[{"id":12104,"href":"https:\/\/lakeworth.sunlightchurch.com\/pt\/wp-json\/wp\/v2\/pages\/153\/revisions\/12104"}],"up":[{"embeddable":true,"href":"https:\/\/lakeworth.sunlightchurch.com\/pt\/wp-json\/wp\/v2\/pages\/3890"}],"wp:attachment":[{"href":"https:\/\/lakeworth.sunlightchurch.com\/pt\/wp-json\/wp\/v2\/media?parent=153"}],"curies":[{"name":"wp","href":"https:\/\/api.w.org\/{rel}","templated":true}]}}