{"id":1753,"date":"2020-05-01T16:19:21","date_gmt":"2020-05-01T20:19:21","guid":{"rendered":"https:\/\/jpa.mbc.mybluehost.me\/lw\/?page_id=1753"},"modified":"2023-11-19T18:31:17","modified_gmt":"2023-11-19T23:31:17","slug":"membership","status":"publish","type":"page","link":"https:\/\/lakeworth.sunlightchurch.com\/pt\/imnew\/membership\/","title":{"rendered":"Inscri\u00e7\u00e3o de novo membro"},"content":{"rendered":"<div data-elementor-type=\"wp-page\" data-elementor-id=\"1753\" class=\"elementor elementor-1753\" data-elementor-post-type=\"page\">\n\t\t\t\t\t\t<section class=\"elementor-section elementor-top-section elementor-element elementor-element-242f498 hero-el-sect elementor-section-boxed elementor-section-height-default elementor-section-height-default\" data-id=\"242f498\" data-element_type=\"section\">\n\t\t\t\t\t\t<div class=\"elementor-container elementor-column-gap-default\">\n\t\t\t\t\t<div class=\"elementor-column elementor-col-100 elementor-top-column elementor-element elementor-element-16ea1e9\" data-id=\"16ea1e9\" data-element_type=\"column\">\n\t\t\t<div class=\"elementor-widget-wrap elementor-element-populated\">\n\t\t\t\t\t\t<div class=\"elementor-element elementor-element-2c904a0 elementor-widget elementor-widget-spacer\" data-id=\"2c904a0\" data-element_type=\"widget\" data-widget_type=\"spacer.default\">\n\t\t\t\t<div class=\"elementor-widget-container\">\n\t\t\t\t\t\t\t<div class=\"elementor-spacer\">\n\t\t\t<div class=\"elementor-spacer-inner\"><\/div>\n\t\t<\/div>\n\t\t\t\t\t\t<\/div>\n\t\t\t\t<\/div>\n\t\t\t\t<div class=\"elementor-element elementor-element-03ecab3 elementor-widget elementor-widget-image\" data-id=\"03ecab3\" data-element_type=\"widget\" data-widget_type=\"image.default\">\n\t\t\t\t<div class=\"elementor-widget-container\">\n\t\t\t\t\t\t\t\t\t\t\t\t\t\t\t<img data-recalc-dims=\"1\" decoding=\"async\" src=\"https:\/\/i0.wp.com\/lakeworth.sunlightchurch.com\/wp-content\/uploads\/2023\/11\/IMG_9322-scaled.jpg?w=800&#038;ssl=1\" title=\"IMG_9322\" alt=\"IMG_9322\" loading=\"lazy\" \/>\t\t\t\t\t\t\t\t\t\t\t\t\t\t\t<\/div>\n\t\t\t\t<\/div>\n\t\t\t\t<div class=\"elementor-element elementor-element-6e7705c elementor-widget elementor-widget-heading\" data-id=\"6e7705c\" data-element_type=\"widget\" data-widget_type=\"heading.default\">\n\t\t\t\t<div class=\"elementor-widget-container\">\n\t\t\t\t\t<h2 class=\"elementor-heading-title elementor-size-default\">Torne-se um membro da Sunlight Lake Worth<\/h2>\t\t\t\t<\/div>\n\t\t\t\t<\/div>\n\t\t\t\t<div class=\"elementor-element elementor-element-21a6f0e elementor-widget elementor-widget-spacer\" data-id=\"21a6f0e\" data-element_type=\"widget\" data-widget_type=\"spacer.default\">\n\t\t\t\t<div class=\"elementor-widget-container\">\n\t\t\t\t\t\t\t<div class=\"elementor-spacer\">\n\t\t\t<div class=\"elementor-spacer-inner\"><\/div>\n\t\t<\/div>\n\t\t\t\t\t\t<\/div>\n\t\t\t\t<\/div>\n\t\t\t\t<div class=\"elementor-element elementor-element-14b28aa elementor-widget elementor-widget-text-editor\" data-id=\"14b28aa\" data-element_type=\"widget\" data-widget_type=\"text-editor.default\">\n\t\t\t\t<div class=\"elementor-widget-container\">\n\t\t\t\t\t\t\t\t\t<p><span style=\"color: var( --e-global-color-text ); font-family: var( --e-global-typography-text-font-family ), Sans-serif; font-weight: var( --e-global-typography-text-font-weight );\">Voc\u00ea \u00e9 novo na igreja e quer saber mais sobre n\u00f3s? Voc\u00ea j\u00e1 vem h\u00e1 algum tempo e quer dar o pr\u00f3ximo passo? Ou talvez voc\u00ea esteja em algum lugar no meio. Bem, n\u00e3o importa onde voc\u00ea esteja em sua jornada conosco, n\u00f3s o convidamos a dar o pr\u00f3ximo passo na f\u00e9, tornando-se um membro.<\/span><\/p>\n<p><span style=\"color: var( --e-global-color-text ); font-family: var( --e-global-typography-text-font-family ), Sans-serif; font-weight: var( --e-global-typography-text-font-weight );\">Nossa aula para membros \u00e9 o lugar para ouvir sobre o que acreditamos que Deus est\u00e1 fazendo no mundo, o que Ele est\u00e1 fazendo na Sunlight Community Church, e tamb\u00e9m nos d\u00e1 a oportunidade de conhecer voc\u00ea e sua hist\u00f3ria.<\/span><\/p>\n<ul>\n<li>Queremos honrar o seu tempo, por isso pedimos que antes da aula, voc\u00ea conclua alguns trabalhos e leituras pr\u00e9-aula e prepare sua hist\u00f3ria de salva\u00e7\u00e3o para compartilhar na aula.<\/li>\n<li>A aula ter\u00e1 dura\u00e7\u00e3o de 3 sess\u00f5es de uma hora e meia cada.&nbsp;<\/li>\n<li>As primeiras 2 sess\u00f5es consistir\u00e3o num tempo para aprender sobre a hist\u00f3ria da Luz Solar e partilhar a sua pr\u00f3pria hist\u00f3ria de salva\u00e7\u00e3o. Abordaremos a cultura da Luz Solar e o que est\u00e1 acontecendo atualmente, como nos envolver em nossos v\u00e1rios minist\u00e9rios e teremos um tempo para perguntas e respostas. Na terceira sess\u00e3o, voc\u00ea conhecer\u00e1 outras pessoas em sua mesa e ter\u00e1 a oportunidade de compartilhar brevemente sua hist\u00f3ria.<\/li>\n<li>Ap\u00f3s a aula, algu\u00e9m entrar\u00e1 em contato com voc\u00ea para confirmar sua ades\u00e3o ou fornecer os pr\u00f3ximos passos necess\u00e1rios para a ades\u00e3o. Ent\u00e3o, no pr\u00f3ximo Culto de Celebra\u00e7\u00e3o, celebraremos nossos novos membros.<\/li>\n<\/ul>\n<p style=\"box-sizing: border-box; color: #7a7a7a; font-family: Gilroy, sans-serif; font-size: medium; font-style: normal; font-variant-ligatures: normal; font-variant-caps: normal; font-weight: 400; letter-spacing: normal; orphans: 2; text-align: start; text-indent: 0px; text-transform: none; white-space: normal; widows: 2; word-spacing: 0px; -webkit-text-stroke-width: 0px; text-decoration-thickness: initial; text-decoration-style: initial; text-decoration-color: initial;\">\n<\/p><p style=\"box-sizing: border-box; color: #7a7a7a; font-family: Gilroy, sans-serif; font-size: medium; font-style: normal; font-variant-ligatures: normal; font-variant-caps: normal; font-weight: 400; letter-spacing: normal; orphans: 2; text-align: start; text-indent: 0px; text-transform: none; white-space: normal; widows: 2; word-spacing: 0px; -webkit-text-stroke-width: 0px; text-decoration-thickness: initial; text-decoration-style: initial; text-decoration-color: initial;\">Convidamos voc\u00ea a conferir sem press\u00e3o ou obriga\u00e7\u00e3o. Abaixo est\u00e3o as datas de nossa s\u00e9rie de 3 partes de A Jornada, nossa pr\u00f3xima rodada de Novos Membros<\/p>\n<p><br><\/p>\t\t\t\t\t\t\t\t<\/div>\n\t\t\t\t<\/div>\n\t\t\t\t<div class=\"elementor-element elementor-element-8cf943e elementor-widget elementor-widget-spacer\" data-id=\"8cf943e\" data-element_type=\"widget\" data-widget_type=\"spacer.default\">\n\t\t\t\t<div class=\"elementor-widget-container\">\n\t\t\t\t\t\t\t<div class=\"elementor-spacer\">\n\t\t\t<div class=\"elementor-spacer-inner\"><\/div>\n\t\t<\/div>\n\t\t\t\t\t\t<\/div>\n\t\t\t\t<\/div>\n\t\t\t\t\t<\/div>\n\t\t<\/div>\n\t\t\t\t\t<\/div>\n\t\t<\/section>\n\t\t\t\t<section class=\"elementor-section elementor-top-section elementor-element elementor-element-3db8945 elementor-section-boxed elementor-section-height-default elementor-section-height-default\" data-id=\"3db8945\" data-element_type=\"section\">\n\t\t\t\t\t\t<div class=\"elementor-container elementor-column-gap-default\">\n\t\t\t\t\t<div class=\"elementor-column elementor-col-100 elementor-top-column elementor-element elementor-element-9704311\" data-id=\"9704311\" data-element_type=\"column\">\n\t\t\t<div class=\"elementor-widget-wrap elementor-element-populated\">\n\t\t\t\t\t\t<div class=\"elementor-element elementor-element-1010913 elementor-widget elementor-widget-heading\" data-id=\"1010913\" data-element_type=\"widget\" data-widget_type=\"heading.default\">\n\t\t\t\t<div class=\"elementor-widget-container\">\n\t\t\t\t\t<h2 class=\"elementor-heading-title elementor-size-default\">Cadastre-se para iniciar o processo de nova associa\u00e7\u00e3o.<\/h2>\t\t\t\t<\/div>\n\t\t\t\t<\/div>\n\t\t\t\t<div class=\"elementor-element elementor-element-34d59a3 elementor-align-center elementor-widget elementor-widget-button\" data-id=\"34d59a3\" data-element_type=\"widget\" data-widget_type=\"button.default\">\n\t\t\t\t<div class=\"elementor-widget-container\">\n\t\t\t\t\t\t\t\t\t<div class=\"elementor-button-wrapper\">\n\t\t\t\t\t<a class=\"elementor-button elementor-button-link elementor-size-xl elementor-animation-float\" href=\"https:\/\/sunlightcc.churchcenter.com\/people\/forms\/199844\" target=\"_blank\" rel=\"noopener\">\n\t\t\t\t\t\t<span class=\"elementor-button-content-wrapper\">\n\t\t\t\t\t\t\t\t\t<span class=\"elementor-button-text\">Inscreva-se hoje<\/span>\n\t\t\t\t\t<\/span>\n\t\t\t\t\t<\/a>\n\t\t\t\t<\/div>\n\t\t\t\t\t\t\t\t<\/div>\n\t\t\t\t<\/div>\n\t\t\t\t<div class=\"elementor-element elementor-element-e73e81d elementor-widget elementor-widget-spacer\" data-id=\"e73e81d\" data-element_type=\"widget\" data-widget_type=\"spacer.default\">\n\t\t\t\t<div class=\"elementor-widget-container\">\n\t\t\t\t\t\t\t<div class=\"elementor-spacer\">\n\t\t\t<div class=\"elementor-spacer-inner\"><\/div>\n\t\t<\/div>\n\t\t\t\t\t\t<\/div>\n\t\t\t\t<\/div>\n\t\t\t\t\t<\/div>\n\t\t<\/div>\n\t\t\t\t\t<\/div>\n\t\t<\/section>\n\t\t\t\t<\/div>","protected":false},"excerpt":{"rendered":"<p>Torne-se um membro da Sunlight Lake Worth Voc\u00ea \u00e9 novo na igreja e quer saber mais sobre n\u00f3s? Voc\u00ea j\u00e1 vem h\u00e1 algum tempo e quer [...]<\/p>","protected":false},"author":1,"featured_media":0,"parent":2287,"menu_order":0,"comment_status":"closed","ping_status":"closed","template":"","meta":{"_monsterinsights_skip_tracking":false,"_monsterinsights_sitenote_active":false,"_monsterinsights_sitenote_note":"","_monsterinsights_sitenote_category":0,"footnotes":""},"class_list":["post-1753","page","type-page","status-publish","hentry"],"jetpack_sharing_enabled":true,"_links":{"self":[{"href":"https:\/\/lakeworth.sunlightchurch.com\/pt\/wp-json\/wp\/v2\/pages\/1753","targetHints":{"allow":["GET"]}}],"collection":[{"href":"https:\/\/lakeworth.sunlightchurch.com\/pt\/wp-json\/wp\/v2\/pages"}],"about":[{"href":"https:\/\/lakeworth.sunlightchurch.com\/pt\/wp-json\/wp\/v2\/types\/page"}],"author":[{"embeddable":true,"href":"https:\/\/lakeworth.sunlightchurch.com\/pt\/wp-json\/wp\/v2\/users\/1"}],"replies":[{"embeddable":true,"href":"https:\/\/lakeworth.sunlightchurch.com\/pt\/wp-json\/wp\/v2\/comments?post=1753"}],"version-history":[{"count":17,"href":"https:\/\/lakeworth.sunlightchurch.com\/pt\/wp-json\/wp\/v2\/pages\/1753\/revisions"}],"predecessor-version":[{"id":10075,"href":"https:\/\/lakeworth.sunlightchurch.com\/pt\/wp-json\/wp\/v2\/pages\/1753\/revisions\/10075"}],"up":[{"embeddable":true,"href":"https:\/\/lakeworth.sunlightchurch.com\/pt\/wp-json\/wp\/v2\/pages\/2287"}],"wp:attachment":[{"href":"https:\/\/lakeworth.sunlightchurch.com\/pt\/wp-json\/wp\/v2\/media?parent=1753"}],"curies":[{"name":"wp","href":"https:\/\/api.w.org\/{rel}","templated":true}]}}