{"id":2410,"date":"2020-07-31T07:52:33","date_gmt":"2020-07-31T11:52:33","guid":{"rendered":"https:\/\/jpa.mbc.mybluehost.me\/lw\/?page_id=2410"},"modified":"2023-11-19T18:32:35","modified_gmt":"2023-11-19T23:32:35","slug":"children","status":"publish","type":"page","link":"https:\/\/lakeworth.sunlightchurch.com\/pt\/ministries\/children\/","title":{"rendered":"Minist\u00e9rios Infantis"},"content":{"rendered":"<div data-elementor-type=\"wp-page\" data-elementor-id=\"2410\" class=\"elementor elementor-2410\" data-elementor-post-type=\"page\">\n\t\t\t\t\t\t<section class=\"elementor-section elementor-top-section elementor-element elementor-element-bcd974d elementor-section-boxed elementor-section-height-default elementor-section-height-default\" data-id=\"bcd974d\" data-element_type=\"section\">\n\t\t\t\t\t\t<div class=\"elementor-container elementor-column-gap-default\">\n\t\t\t\t\t<div class=\"elementor-column elementor-col-100 elementor-top-column elementor-element elementor-element-4dae145\" data-id=\"4dae145\" data-element_type=\"column\">\n\t\t\t<div class=\"elementor-widget-wrap elementor-element-populated\">\n\t\t\t\t\t\t<div class=\"elementor-element elementor-element-ff39882 elementor-widget elementor-widget-image\" data-id=\"ff39882\" data-element_type=\"widget\" data-widget_type=\"image.default\">\n\t\t\t\t<div class=\"elementor-widget-container\">\n\t\t\t\t\t\t\t\t\t\t\t\t\t\t\t<img fetchpriority=\"high\" decoding=\"async\" width=\"768\" height=\"576\" src=\"https:\/\/i0.wp.com\/lakeworth.sunlightchurch.com\/wp-content\/uploads\/2023\/11\/Preschool-days-1.jpg?fit=768%2C576&amp;ssl=1\" class=\"attachment-medium_large size-medium_large wp-image-8776\" alt=\"\" srcset=\"https:\/\/i0.wp.com\/lakeworth.sunlightchurch.com\/wp-content\/uploads\/2023\/11\/Preschool-days-1.jpg?w=1015&amp;ssl=1 1015w, https:\/\/i0.wp.com\/lakeworth.sunlightchurch.com\/wp-content\/uploads\/2023\/11\/Preschool-days-1.jpg?resize=300%2C225&amp;ssl=1 300w, https:\/\/i0.wp.com\/lakeworth.sunlightchurch.com\/wp-content\/uploads\/2023\/11\/Preschool-days-1.jpg?resize=768%2C576&amp;ssl=1 768w, https:\/\/i0.wp.com\/lakeworth.sunlightchurch.com\/wp-content\/uploads\/2023\/11\/Preschool-days-1.jpg?resize=48%2C36&amp;ssl=1 48w, https:\/\/i0.wp.com\/lakeworth.sunlightchurch.com\/wp-content\/uploads\/2023\/11\/Preschool-days-1.jpg?resize=1000%2C750&amp;ssl=1 1000w, https:\/\/i0.wp.com\/lakeworth.sunlightchurch.com\/wp-content\/uploads\/2023\/11\/Preschool-days-1.jpg?resize=600%2C450&amp;ssl=1 600w, https:\/\/i0.wp.com\/lakeworth.sunlightchurch.com\/wp-content\/uploads\/2023\/11\/Preschool-days-1.jpg?resize=200%2C150&amp;ssl=1 200w\" sizes=\"(max-width: 768px) 100vw, 768px\" \/>\t\t\t\t\t\t\t\t\t\t\t\t\t\t\t<\/div>\n\t\t\t\t<\/div>\n\t\t\t\t<div class=\"elementor-element elementor-element-5ba9854 elementor-widget elementor-widget-heading\" data-id=\"5ba9854\" data-element_type=\"widget\" data-widget_type=\"heading.default\">\n\t\t\t\t<div class=\"elementor-widget-container\">\n\t\t\t\t\t<h1 class=\"elementor-heading-title elementor-size-xl\">Minist\u00e9rio Infantil Luz Solar<\/h1>\t\t\t\t<\/div>\n\t\t\t\t<\/div>\n\t\t\t\t<div class=\"elementor-element elementor-element-2722166 elementor-widget elementor-widget-text-editor\" data-id=\"2722166\" data-element_type=\"widget\" data-widget_type=\"text-editor.default\">\n\t\t\t\t<div class=\"elementor-widget-container\">\n\t\t\t\t\t\t\t\t\t<h2><span style=\"color: #000000;\">Parceria com os pais para desenvolver a f\u00e9 de nossos filhos.<\/span><\/h2>\t\t\t\t\t\t\t\t<\/div>\n\t\t\t\t<\/div>\n\t\t\t\t\t<\/div>\n\t\t<\/div>\n\t\t\t\t\t<\/div>\n\t\t<\/section>\n\t\t\t\t<section class=\"elementor-section elementor-top-section elementor-element elementor-element-725b52a4 elementor-section-boxed elementor-section-height-default elementor-section-height-default elementor-invisible\" data-id=\"725b52a4\" data-element_type=\"section\" data-settings=\"{&quot;animation&quot;:&quot;zoomIn&quot;}\">\n\t\t\t\t\t\t<div class=\"elementor-container elementor-column-gap-default\">\n\t\t\t\t\t<div class=\"elementor-column elementor-col-50 elementor-top-column elementor-element elementor-element-12f4a291\" data-id=\"12f4a291\" data-element_type=\"column\">\n\t\t\t<div class=\"elementor-widget-wrap elementor-element-populated\">\n\t\t\t\t\t\t<div class=\"elementor-element elementor-element-3beea14f elementor-widget elementor-widget-heading\" data-id=\"3beea14f\" data-element_type=\"widget\" data-widget_type=\"heading.default\">\n\t\t\t\t<div class=\"elementor-widget-container\">\n\t\t\t\t\t<h2 class=\"elementor-heading-title elementor-size-default\">Valor #1: Vamos torn\u00e1-lo seguro.<\/h2>\t\t\t\t<\/div>\n\t\t\t\t<\/div>\n\t\t\t\t<div class=\"elementor-element elementor-element-7e053384 elementor-widget elementor-widget-text-editor\" data-id=\"7e053384\" data-element_type=\"widget\" data-widget_type=\"text-editor.default\">\n\t\t\t\t<div class=\"elementor-widget-container\">\n\t\t\t\t\t\t\t\t\t<p>A seguran\u00e7a do seu filho \u00e9 a nossa prioridade n\u00famero um. Todos os volunt\u00e1rios da Sunlight foram verificados em termos de antecedentes e temos um sistema seguro de check-in e check-out. Certifique-se de acenar para nossas equipes de Seguran\u00e7a do Campus na \u00e1rea Sunlight Kids, pois elas ajudar\u00e3o a manter seu filho seguro.<\/p>\t\t\t\t\t\t\t\t<\/div>\n\t\t\t\t<\/div>\n\t\t\t\t\t<\/div>\n\t\t<\/div>\n\t\t\t\t<div class=\"elementor-column elementor-col-50 elementor-top-column elementor-element elementor-element-4b0e68ff\" data-id=\"4b0e68ff\" data-element_type=\"column\">\n\t\t\t<div class=\"elementor-widget-wrap elementor-element-populated\">\n\t\t\t\t\t\t<div class=\"elementor-element elementor-element-2e7a3873 elementor-widget elementor-widget-heading\" data-id=\"2e7a3873\" data-element_type=\"widget\" data-widget_type=\"heading.default\">\n\t\t\t\t<div class=\"elementor-widget-container\">\n\t\t\t\t\t<h2 class=\"elementor-heading-title elementor-size-default\">Valor #2: Compartilhamos Jesus com paix\u00e3o.<\/h2>\t\t\t\t<\/div>\n\t\t\t\t<\/div>\n\t\t\t\t<div class=\"elementor-element elementor-element-17b2726e elementor-widget elementor-widget-text-editor\" data-id=\"17b2726e\" data-element_type=\"widget\" data-widget_type=\"text-editor.default\">\n\t\t\t\t<div class=\"elementor-widget-container\">\n\t\t\t\t\t\t\t\t\t<p>Compartilhar o Evangelho \u00e9 a nossa coisa favorita a fazer! Acreditamos que \u00e9 o poder para salvar a n\u00f3s e aos nossos filhos e \u00e9 a esperan\u00e7a para o mundo.<\/p>\t\t\t\t\t\t\t\t<\/div>\n\t\t\t\t<\/div>\n\t\t\t\t\t<\/div>\n\t\t<\/div>\n\t\t\t\t\t<\/div>\n\t\t<\/section>\n\t\t\t\t<section class=\"elementor-section elementor-top-section elementor-element elementor-element-624b2209 elementor-section-boxed elementor-section-height-default elementor-section-height-default elementor-invisible\" data-id=\"624b2209\" data-element_type=\"section\" data-settings=\"{&quot;animation&quot;:&quot;zoomIn&quot;}\">\n\t\t\t\t\t\t<div class=\"elementor-container elementor-column-gap-default\">\n\t\t\t\t\t<div class=\"elementor-column elementor-col-50 elementor-top-column elementor-element elementor-element-21293665\" data-id=\"21293665\" data-element_type=\"column\">\n\t\t\t<div class=\"elementor-widget-wrap elementor-element-populated\">\n\t\t\t\t\t\t<div class=\"elementor-element elementor-element-379adeb5 elementor-widget elementor-widget-heading\" data-id=\"379adeb5\" data-element_type=\"widget\" data-widget_type=\"heading.default\">\n\t\t\t\t<div class=\"elementor-widget-container\">\n\t\t\t\t\t<h2 class=\"elementor-heading-title elementor-size-default\">Valor #3: Traremos a divers\u00e3o.<\/h2>\t\t\t\t<\/div>\n\t\t\t\t<\/div>\n\t\t\t\t<div class=\"elementor-element elementor-element-1b837bf1 elementor-widget elementor-widget-text-editor\" data-id=\"1b837bf1\" data-element_type=\"widget\" data-widget_type=\"text-editor.default\">\n\t\t\t\t<div class=\"elementor-widget-container\">\n\t\t\t\t\t\t\t\t\t<p>Voc\u00ea diz caos \u2013 n\u00f3s dizemos divers\u00e3o! Grandes jogos, adora\u00e7\u00e3o em voz alta e ensino b\u00edblico criativo s\u00e3o algumas das maneiras pelas quais trazemos divers\u00e3o em Sunlight. Sem mencionar nossos incr\u00edveis volunt\u00e1rios que fazem do Sunlight um lugar onde seus filhos querem voltar todas as semanas.<\/p>\t\t\t\t\t\t\t\t<\/div>\n\t\t\t\t<\/div>\n\t\t\t\t\t<\/div>\n\t\t<\/div>\n\t\t\t\t<div class=\"elementor-column elementor-col-50 elementor-top-column elementor-element elementor-element-7a689f7d\" data-id=\"7a689f7d\" data-element_type=\"column\">\n\t\t\t<div class=\"elementor-widget-wrap elementor-element-populated\">\n\t\t\t\t\t\t<div class=\"elementor-element elementor-element-62dbd13a elementor-widget elementor-widget-heading\" data-id=\"62dbd13a\" data-element_type=\"widget\" data-widget_type=\"heading.default\">\n\t\t\t\t<div class=\"elementor-widget-container\">\n\t\t\t\t\t<h2 class=\"elementor-heading-title elementor-size-default\">Valor #4: Vamos conectar a fam\u00edlia.<\/h2>\t\t\t\t<\/div>\n\t\t\t\t<\/div>\n\t\t\t\t<div class=\"elementor-element elementor-element-5493db15 elementor-widget elementor-widget-text-editor\" data-id=\"5493db15\" data-element_type=\"widget\" data-widget_type=\"text-editor.default\">\n\t\t\t\t<div class=\"elementor-widget-container\">\n\t\t\t\t\t\t\t\t\t<div class=\"wp-block-coblocks-row coblocks-row-4309482509 m-b-spacer-md\" data-columns=\"2\" data-layout=\"50-50\"><div class=\"wp-block-coblocks-row__inner has-medium-gutter has-no-padding has-no-margin is-stacked-on-mobile\"><div class=\"wp-block-coblocks-column coblocks-column-4309484903\"><div class=\"wp-block-coblocks-column__inner has-no-padding has-no-margin\"><p class=\"half-here has-custom-size\">Amamos sua fam\u00edlia e queremos fazer parceria com voc\u00ea para criar filhos que amem Jesus e mudem o mundo. Tudo o que fazemos tem como objetivo fornecer recursos para voc\u00ea se tornar o l\u00edder espiritual que Deus deseja que voc\u00ea seja para seu filho.<\/p><\/div><\/div><\/div><\/div>\t\t\t\t\t\t\t\t<\/div>\n\t\t\t\t<\/div>\n\t\t\t\t\t<\/div>\n\t\t<\/div>\n\t\t\t\t\t<\/div>\n\t\t<\/section>\n\t\t\t\t<\/div>","protected":false},"excerpt":{"rendered":"<p>Sunlight Children&#039;s Ministries Parceria com os pais para desenvolver a f\u00e9 de nossos filhos. Valor #1: Vamos torn\u00e1-lo seguro. A seguran\u00e7a do seu filho \u00e9 a nossa prioridade n\u00famero um. Cada volunt\u00e1rio da Sunlight tem [...]<\/p>","protected":false},"author":1,"featured_media":0,"parent":979,"menu_order":0,"comment_status":"closed","ping_status":"closed","template":"","meta":{"_monsterinsights_skip_tracking":false,"_monsterinsights_sitenote_active":false,"_monsterinsights_sitenote_note":"","_monsterinsights_sitenote_category":0,"footnotes":""},"class_list":["post-2410","page","type-page","status-publish","hentry"],"jetpack_sharing_enabled":true,"_links":{"self":[{"href":"https:\/\/lakeworth.sunlightchurch.com\/pt\/wp-json\/wp\/v2\/pages\/2410","targetHints":{"allow":["GET"]}}],"collection":[{"href":"https:\/\/lakeworth.sunlightchurch.com\/pt\/wp-json\/wp\/v2\/pages"}],"about":[{"href":"https:\/\/lakeworth.sunlightchurch.com\/pt\/wp-json\/wp\/v2\/types\/page"}],"author":[{"embeddable":true,"href":"https:\/\/lakeworth.sunlightchurch.com\/pt\/wp-json\/wp\/v2\/users\/1"}],"replies":[{"embeddable":true,"href":"https:\/\/lakeworth.sunlightchurch.com\/pt\/wp-json\/wp\/v2\/comments?post=2410"}],"version-history":[{"count":15,"href":"https:\/\/lakeworth.sunlightchurch.com\/pt\/wp-json\/wp\/v2\/pages\/2410\/revisions"}],"predecessor-version":[{"id":10090,"href":"https:\/\/lakeworth.sunlightchurch.com\/pt\/wp-json\/wp\/v2\/pages\/2410\/revisions\/10090"}],"up":[{"embeddable":true,"href":"https:\/\/lakeworth.sunlightchurch.com\/pt\/wp-json\/wp\/v2\/pages\/979"}],"wp:attachment":[{"href":"https:\/\/lakeworth.sunlightchurch.com\/pt\/wp-json\/wp\/v2\/media?parent=2410"}],"curies":[{"name":"wp","href":"https:\/\/api.w.org\/{rel}","templated":true}]}}